{"id":215,"date":"2018-06-01T09:16:54","date_gmt":"2018-06-01T07:16:54","guid":{"rendered":"http:\/\/www.tz-dshs-koeln.de\/?page_id=215"},"modified":"2018-06-08T18:11:21","modified_gmt":"2018-06-08T16:11:21","slug":"datenschutzerklaerung","status":"publish","type":"page","link":"https:\/\/www.tz-dshs-koeln.de\/index.php\/datenschutzerklaerung\/","title":{"rendered":"Datenschutz"},"content":{"rendered":"<p><b>Datenschutzerkl\u00e4rung<\/b><br \/>\nDie Betreiber dieser Seiten nehmen den Schutz Ihrer pers\u00f6nlichen Daten sehr ernst. Wir behandeln Ihre personenbezogenen Daten vertraulich und entsprechend der gesetzlichen\u00a0<wbr \/>Datenschutzvorschriften sowie dieser Datenschutzerkl\u00e4rung. Die Nutzung unserer Webseite ist in der Regel ohne Angabe personenbezogener Daten m\u00f6glich. Soweit auf unseren\u00a0Seiten personenbezogene Daten (beispielsweise Name, Anschrift oder E-Mail-Adressen) erhoben werden, erfolgt dies, soweit m\u00f6glich, stets auf freiwilliger Basis. Diese Daten werden\u00a0ohne Ihre ausdr\u00fcckliche Zustimmung nicht an Dritte weitergegeben. Wir weisen darauf hin, dass die Daten\u00fcbertragung im Internet (z.B. bei der Kommunikation per E-Mail)\u00a0Sicherheitsl\u00fccken aufweisen kann. Ein l\u00fcckenloser Schutz der Daten vor dem Zugriff durch Dritte ist nicht m\u00f6glich.<\/p>\n<div><b>Datenschutzerkl\u00e4rung f\u00fcr die Nutzung von Facebook-Plugins (Like-Button)\u00a0<\/b><br \/>\nAuf unseren Seiten sind Plugins des sozialen Netzwerks Facebook, Anbieter Facebook Inc.,\u00a0<a href=\"https:\/\/maps.google.com\/?q=1+Hacker+Way,+Menlo+Park,+California+94025,+USA&amp;entry=gmail&amp;source=g\">1 Hacker Way, Menlo Park, California 94025, USA<\/a>, integriert. Die Facebook-Plugins\u00a0erkennen Sie an dem Facebook-Logo oder dem &#8222;Like-Button&#8220; (&#8222;Gef\u00e4llt mir&#8220;) auf unserer Seite. Eine \u00dcbersicht \u00fcber die Facebook-Plugins finden Sie hier:\u00a0<a href=\"https:\/\/deref-web-02.de\/mail\/client\/i4msALEKJQU\/dereferrer\/?redirectUrl=http%3A%2F%2Fdevelopers.facebook.com%2Fdocs%2Fplugins%2F\" target=\"_blank\" rel=\"noopener\" data-saferedirecturl=\"https:\/\/www.google.com\/url?hl=de&amp;q=https:\/\/deref-web-02.de\/mail\/client\/i4msALEKJQU\/dereferrer\/?redirectUrl%3Dhttp%253A%252F%252Fdevelopers.facebook.com%252Fdocs%252Fplugins%252F&amp;source=gmail&amp;ust=1528557964793000&amp;usg=AFQjCNEuvUQVx8cGQLsXV3TAMRGTJyZ7CA\">developers.facebook.com\/<wbr \/>docs\/plugins\/<\/a>. Wenn Sie unsere Seiten besuchen, wird \u00fcber das Plugin eine direkte Verbindung zwischen Ihrem Browser und dem Facebook-Server\u00a0hergestellt. Facebook erh\u00e4lt dadurch die Information, dass Sie mit Ihrer IP-Adresse unsere Seite besucht haben. Wenn Sie den Facebook &#8222;Like-Button&#8220; anklicken w\u00e4hrend Sie in Ihrem\u00a0Facebook-Account eingeloggt sind, k\u00f6nnen Sie die Inhalte unserer Seiten auf Ihrem Facebook-Profil verlinken. Dadurch kann Facebook den Besuch unserer Seiten Ihrem\u00a0Benutzerkonto zuordnen. Wir weisen darauf hin, dass wir als Anbieter der Seiten keine Kenntnis vom Inhalt der \u00fcbermittelten Daten sowie deren Nutzung durch Facebook erhalten.\u00a0Weitere Informationen hierzu finden Sie in der Datenschutzerkl\u00e4rung von Facebook unter\u00a0<a href=\"http:\/\/de-de.facebook.com\/policy.php\" target=\"_blank\" rel=\"noopener\" data-saferedirecturl=\"https:\/\/www.google.com\/url?hl=de&amp;q=http:\/\/de-de.facebook.com\/policy.php&amp;source=gmail&amp;ust=1528557964793000&amp;usg=AFQjCNGnZYYEMVUpf8SfTqIH32S-DxVofA\">de-de.facebook.com\/<wbr \/>policy.php<\/a>. Wenn Sie nicht w\u00fcnschen, dass Facebook den Besuch\u00a0unserer Seiten Ihrem Facebook-Nutzerkonto zuordnen kann, loggen Sie sich bitte aus Ihrem Facebook-Benutzerkonto aus.<\/div>\n<div><\/div>\n","protected":false},"excerpt":{"rendered":"<p>Datenschutzerkl\u00e4rung Die Betreiber dieser Seiten nehmen den Schutz Ihrer pers\u00f6nlichen Daten sehr ernst. Wir behandeln Ihre personenbezogenen Daten vertraulich und entsprechend der gesetzlichen\u00a0Datenschutzvorschriften sowie dieser Datenschutzerkl\u00e4rung. Die Nutzung unserer Webseite ist in der Regel ohne Angabe personenbezogener Daten m\u00f6glich. Soweit &hellip; <a href=\"https:\/\/www.tz-dshs-koeln.de\/index.php\/datenschutzerklaerung\/\">Weiterlesen <span class=\"meta-nav\">&rarr;<\/span><\/a><\/p>\n","protected":false},"author":2,"featured_media":0,"parent":0,"menu_order":0,"comment_status":"closed","ping_status":"closed","template":"","meta":{"footnotes":""},"class_list":["post-215","page","type-page","status-publish","hentry"],"_links":{"self":[{"href":"https:\/\/www.tz-dshs-koeln.de\/index.php\/wp-json\/wp\/v2\/pages\/215","targetHints":{"allow":["GET"]}}],"collection":[{"href":"https:\/\/www.tz-dshs-koeln.de\/index.php\/wp-json\/wp\/v2\/pages"}],"about":[{"href":"https:\/\/www.tz-dshs-koeln.de\/index.php\/wp-json\/wp\/v2\/types\/page"}],"author":[{"embeddable":true,"href":"https:\/\/www.tz-dshs-koeln.de\/index.php\/wp-json\/wp\/v2\/users\/2"}],"replies":[{"embeddable":true,"href":"https:\/\/www.tz-dshs-koeln.de\/index.php\/wp-json\/wp\/v2\/comments?post=215"}],"version-history":[{"count":4,"href":"https:\/\/www.tz-dshs-koeln.de\/index.php\/wp-json\/wp\/v2\/pages\/215\/revisions"}],"predecessor-version":[{"id":228,"href":"https:\/\/www.tz-dshs-koeln.de\/index.php\/wp-json\/wp\/v2\/pages\/215\/revisions\/228"}],"wp:attachment":[{"href":"https:\/\/www.tz-dshs-koeln.de\/index.php\/wp-json\/wp\/v2\/media?parent=215"}],"curies":[{"name":"wp","href":"https:\/\/api.w.org\/{rel}","templated":true}]}}